{"id":9,"date":"2023-04-11T03:00:27","date_gmt":"2023-04-11T00:00:27","guid":{"rendered":"https:\/\/medassigorta.com\/?page_id=9"},"modified":"2024-10-08T02:27:16","modified_gmt":"2024-10-07T23:27:16","slug":"hakkimizda","status":"publish","type":"page","link":"https:\/\/medassigorta.com\/index.php\/hakkimizda\/","title":{"rendered":"HAKKIMIZDA"},"content":{"rendered":"\n<h2 class=\"wp-block-heading\">GELECE\u011e\u0130N\u0130Z\u0130 G\u00dcVENCE ALTINA ALIN<\/h2>\n\n\n\n<figure class=\"wp-block-gallery has-nested-images columns-default is-cropped wp-block-gallery-1 is-layout-flex\">\n<figure class=\"wp-block-image size-large\"><img decoding=\"async\" loading=\"lazy\" width=\"1024\" height=\"576\" data-id=\"196\"  src=\"https:\/\/medassigorta.com\/wp-content\/uploads\/2023\/04\/wp9208886-1024x576.webp\" alt=\"\" class=\"wp-image-196\" srcset=\"https:\/\/medassigorta.com\/wp-content\/uploads\/2023\/04\/wp9208886-1024x576.webp 1024w, https:\/\/medassigorta.com\/wp-content\/uploads\/2023\/04\/wp9208886-300x169.webp 300w, https:\/\/medassigorta.com\/wp-content\/uploads\/2023\/04\/wp9208886-768x432.webp 768w, https:\/\/medassigorta.com\/wp-content\/uploads\/2023\/04\/wp9208886-1536x864.webp 1536w, https:\/\/medassigorta.com\/wp-content\/uploads\/2023\/04\/wp9208886.webp 1920w\" sizes=\"(max-width: 1024px) 100vw, 1024px\" \/><\/figure>\n<\/figure>\n\n\n\n<p><strong>Medas Sigorta<\/strong> on y\u0131l\u0131 a\u015fk\u0131n tecr\u00fcbesi bulunan  <strong>Kurucusu Mehmet Da\u015ftan<\/strong> taraf\u0131ndan, geli\u015fen ve b\u00fcy\u00fcyen m\u00fc\u015fteri profiline daha \u00e7a\u011fda\u015f ve profesyonel hizmet sa\u011flayabilmek amac\u0131yla kurulmu\u015ftur. \u015eirketimiz, hazine m\u00fcste\u015farl\u0131\u011f\u0131 denetimleri s\u00fcrecini tamamlad\u0131ktan sonra, sigorta acenteli\u011fi yapmak i\u00e7in hayat ve hayat d\u0131\u015f\u0131 bran\u015flarda ruhsat alarak sekt\u00f6rde kurumsal faaliyetlerine ba\u015flam\u0131\u015ft\u0131r.<\/p>\n\n\n\n<p>M\u00fc\u015fterilerimize, \u00e7\u00f6z\u00fcmler \u00fcretebilmek ve ihtiya\u00e7lar\u0131n\u0131 h\u0131zl\u0131 kar\u015f\u0131layabilmek i\u00e7in e\u011fitimli ve uzman personelimizi, dinamik altyap\u0131yla destekledik. Geni\u015f bir bak\u0131\u015f a\u00e7\u0131s\u0131yla m\u00fc\u015fterilerimize \u00fcr\u00fcn ve hizmet \u00e7e\u015fitlili\u011fini, rekabet\u00e7i fiyatlar ile sunmay\u0131 g\u00f6rev bildik. Amac\u0131m\u0131z\u0131, i\u015fletmelerin risklerini hangi poli\u00e7eler vas\u0131tas\u0131yla ortadan kald\u0131r\u0131labilece\u011fine y\u00f6nelik \u00e7al\u0131\u015fmalar yapmak, \u015firketlere ve belirli meslek gruplar\u0131na standart poli\u00e7eler d\u0131\u015f\u0131nda \u00f6zel \u00fcr\u00fcnler sunmak, projelerine y\u00f6nelik \u00e7\u00f6z\u00fcmler \u00fcretmek olarak belirledik.<\/p>\n\n\n\n<p>\u015eirketimizin \u00f6ncelikli hedefi, de\u011fi\u015fen ko\u015fullara uyum sa\u011flayan ve sigorta \u015firketlerinin en uygun fiyatlar\u0131n\u0131 g\u00fcncel olarak takip eden ekibiyle, m\u00fc\u015fterilerimizin, rekabet edilebilir do\u011fru \u00fcr\u00fcnlere ula\u015fmas\u0131n\u0131 ama\u00e7lar.<\/p>\n\n\n\n<p>Sayg\u0131lar\u0131m\u0131zla..<\/p>\n","protected":false},"excerpt":{"rendered":"<p>GELECE\u011e\u0130N\u0130Z\u0130 G\u00dcVENCE ALTINA ALIN Medas Sigorta on y\u0131l\u0131 a\u015fk\u0131n tecr\u00fcbesi bulunan Kurucusu Mehmet Da\u015ftan taraf\u0131ndan, geli\u015fen ve b\u00fcy\u00fcyen m\u00fc\u015fteri profiline daha \u00e7a\u011fda\u015f ve profesyonel hizmet sa\u011flayabilmek amac\u0131yla kurulmu\u015ftur. \u015eirketimiz, hazine m\u00fcste\u015farl\u0131\u011f\u0131 denetimleri s\u00fcrecini tamamlad\u0131ktan sonra, sigorta acenteli\u011fi yapmak i\u00e7in hayat ve hayat d\u0131\u015f\u0131 bran\u015flarda ruhsat alarak sekt\u00f6rde kurumsal faaliyetlerine ba\u015flam\u0131\u015ft\u0131r. M\u00fc\u015fterilerimize, \u00e7\u00f6z\u00fcmler \u00fcretebilmek ve ihtiya\u00e7lar\u0131n\u0131&hellip; <br \/> <a class=\"read-more\" href=\"https:\/\/medassigorta.com\/index.php\/hakkimizda\/\">Read more<\/a><\/p>\n","protected":false},"author":1,"featured_media":0,"parent":0,"menu_order":0,"comment_status":"closed","ping_status":"closed","template":"","meta":{"om_disable_all_campaigns":false,"_monsterinsights_skip_tracking":false,"_monsterinsights_sitenote_active":false,"_monsterinsights_sitenote_note":"","_monsterinsights_sitenote_category":0,"_joinchat":[]},"aioseo_notices":[],"yoast_head":"<!-- This site is optimized with the Yoast SEO plugin v20.5 - https:\/\/yoast.com\/wordpress\/plugins\/seo\/ -->\n<title>HAKKIMIZDA - MEDAS S\u0130GORTA<\/title>\n<meta name=\"robots\" content=\"index, follow, max-snippet:-1, max-image-preview:large, max-video-preview:-1\" \/>\n<link rel=\"canonical\" href=\"https:\/\/medassigorta.com\/index.php\/hakkimizda\/\" \/>\n<meta property=\"og:locale\" content=\"en_US\" \/>\n<meta property=\"og:type\" content=\"article\" \/>\n<meta property=\"og:title\" content=\"HAKKIMIZDA - MEDAS S\u0130GORTA\" \/>\n<meta property=\"og:description\" content=\"GELECE\u011e\u0130N\u0130Z\u0130 G\u00dcVENCE ALTINA ALIN Medas Sigorta on y\u0131l\u0131 a\u015fk\u0131n tecr\u00fcbesi bulunan Kurucusu Mehmet Da\u015ftan taraf\u0131ndan, geli\u015fen ve b\u00fcy\u00fcyen m\u00fc\u015fteri profiline daha \u00e7a\u011fda\u015f ve profesyonel hizmet sa\u011flayabilmek amac\u0131yla kurulmu\u015ftur. \u015eirketimiz, hazine m\u00fcste\u015farl\u0131\u011f\u0131 denetimleri s\u00fcrecini tamamlad\u0131ktan sonra, sigorta acenteli\u011fi yapmak i\u00e7in hayat ve hayat d\u0131\u015f\u0131 bran\u015flarda ruhsat alarak sekt\u00f6rde kurumsal faaliyetlerine ba\u015flam\u0131\u015ft\u0131r. M\u00fc\u015fterilerimize, \u00e7\u00f6z\u00fcmler \u00fcretebilmek ve ihtiya\u00e7lar\u0131n\u0131&hellip; Read more\" \/>\n<meta property=\"og:url\" content=\"https:\/\/medassigorta.com\/index.php\/hakkimizda\/\" \/>\n<meta property=\"og:site_name\" content=\"MEDAS S\u0130GORTA\" \/>\n<meta property=\"article:modified_time\" content=\"2024-10-07T23:27:16+00:00\" \/>\n<meta property=\"og:image\" content=\"https:\/\/medassigorta.com\/wp-content\/uploads\/2023\/04\/wp9208886-1024x576.webp\" \/>\n<meta name=\"twitter:card\" content=\"summary_large_image\" \/>\n<meta name=\"twitter:label1\" content=\"Est. reading time\" \/>\n\t<meta name=\"twitter:data1\" content=\"1 minute\" \/>\n<script type=\"application\/ld+json\" class=\"yoast-schema-graph\">{\"@context\":\"https:\/\/schema.org\",\"@graph\":[{\"@type\":\"WebPage\",\"@id\":\"https:\/\/medassigorta.com\/index.php\/hakkimizda\/\",\"url\":\"https:\/\/medassigorta.com\/index.php\/hakkimizda\/\",\"name\":\"HAKKIMIZDA - MEDAS S\u0130GORTA\",\"isPartOf\":{\"@id\":\"https:\/\/medassigorta.com\/#website\"},\"datePublished\":\"2023-04-11T00:00:27+00:00\",\"dateModified\":\"2024-10-07T23:27:16+00:00\",\"breadcrumb\":{\"@id\":\"https:\/\/medassigorta.com\/index.php\/hakkimizda\/#breadcrumb\"},\"inLanguage\":\"en-US\",\"potentialAction\":[{\"@type\":\"ReadAction\",\"target\":[\"https:\/\/medassigorta.com\/index.php\/hakkimizda\/\"]}]},{\"@type\":\"BreadcrumbList\",\"@id\":\"https:\/\/medassigorta.com\/index.php\/hakkimizda\/#breadcrumb\",\"itemListElement\":[{\"@type\":\"ListItem\",\"position\":1,\"name\":\"Anasayfa\",\"item\":\"https:\/\/medassigorta.com\/\"},{\"@type\":\"ListItem\",\"position\":2,\"name\":\"HAKKIMIZDA\"}]},{\"@type\":\"WebSite\",\"@id\":\"https:\/\/medassigorta.com\/#website\",\"url\":\"https:\/\/medassigorta.com\/\",\"name\":\"MEDAS S\u0130GORTA\",\"description\":\"\",\"potentialAction\":[{\"@type\":\"SearchAction\",\"target\":{\"@type\":\"EntryPoint\",\"urlTemplate\":\"https:\/\/medassigorta.com\/?s={search_term_string}\"},\"query-input\":\"required name=search_term_string\"}],\"inLanguage\":\"en-US\"}]}<\/script>\n<!-- \/ Yoast SEO plugin. -->","yoast_head_json":{"title":"HAKKIMIZDA - MEDAS S\u0130GORTA","robots":{"index":"index","follow":"follow","max-snippet":"max-snippet:-1","max-image-preview":"max-image-preview:large","max-video-preview":"max-video-preview:-1"},"canonical":"https:\/\/medassigorta.com\/index.php\/hakkimizda\/","og_locale":"en_US","og_type":"article","og_title":"HAKKIMIZDA - MEDAS S\u0130GORTA","og_description":"GELECE\u011e\u0130N\u0130Z\u0130 G\u00dcVENCE ALTINA ALIN Medas Sigorta on y\u0131l\u0131 a\u015fk\u0131n tecr\u00fcbesi bulunan Kurucusu Mehmet Da\u015ftan taraf\u0131ndan, geli\u015fen ve b\u00fcy\u00fcyen m\u00fc\u015fteri profiline daha \u00e7a\u011fda\u015f ve profesyonel hizmet sa\u011flayabilmek amac\u0131yla kurulmu\u015ftur. \u015eirketimiz, hazine m\u00fcste\u015farl\u0131\u011f\u0131 denetimleri s\u00fcrecini tamamlad\u0131ktan sonra, sigorta acenteli\u011fi yapmak i\u00e7in hayat ve hayat d\u0131\u015f\u0131 bran\u015flarda ruhsat alarak sekt\u00f6rde kurumsal faaliyetlerine ba\u015flam\u0131\u015ft\u0131r. M\u00fc\u015fterilerimize, \u00e7\u00f6z\u00fcmler \u00fcretebilmek ve ihtiya\u00e7lar\u0131n\u0131&hellip; Read more","og_url":"https:\/\/medassigorta.com\/index.php\/hakkimizda\/","og_site_name":"MEDAS S\u0130GORTA","article_modified_time":"2024-10-07T23:27:16+00:00","og_image":[{"url":"https:\/\/medassigorta.com\/wp-content\/uploads\/2023\/04\/wp9208886-1024x576.webp"}],"twitter_card":"summary_large_image","twitter_misc":{"Est. reading time":"1 minute"},"schema":{"@context":"https:\/\/schema.org","@graph":[{"@type":"WebPage","@id":"https:\/\/medassigorta.com\/index.php\/hakkimizda\/","url":"https:\/\/medassigorta.com\/index.php\/hakkimizda\/","name":"HAKKIMIZDA - MEDAS S\u0130GORTA","isPartOf":{"@id":"https:\/\/medassigorta.com\/#website"},"datePublished":"2023-04-11T00:00:27+00:00","dateModified":"2024-10-07T23:27:16+00:00","breadcrumb":{"@id":"https:\/\/medassigorta.com\/index.php\/hakkimizda\/#breadcrumb"},"inLanguage":"en-US","potentialAction":[{"@type":"ReadAction","target":["https:\/\/medassigorta.com\/index.php\/hakkimizda\/"]}]},{"@type":"BreadcrumbList","@id":"https:\/\/medassigorta.com\/index.php\/hakkimizda\/#breadcrumb","itemListElement":[{"@type":"ListItem","position":1,"name":"Anasayfa","item":"https:\/\/medassigorta.com\/"},{"@type":"ListItem","position":2,"name":"HAKKIMIZDA"}]},{"@type":"WebSite","@id":"https:\/\/medassigorta.com\/#website","url":"https:\/\/medassigorta.com\/","name":"MEDAS S\u0130GORTA","description":"","potentialAction":[{"@type":"SearchAction","target":{"@type":"EntryPoint","urlTemplate":"https:\/\/medassigorta.com\/?s={search_term_string}"},"query-input":"required name=search_term_string"}],"inLanguage":"en-US"}]}},"_links":{"self":[{"href":"https:\/\/medassigorta.com\/index.php\/wp-json\/wp\/v2\/pages\/9"}],"collection":[{"href":"https:\/\/medassigorta.com\/index.php\/wp-json\/wp\/v2\/pages"}],"about":[{"href":"https:\/\/medassigorta.com\/index.php\/wp-json\/wp\/v2\/types\/page"}],"author":[{"embeddable":true,"href":"https:\/\/medassigorta.com\/index.php\/wp-json\/wp\/v2\/users\/1"}],"replies":[{"embeddable":true,"href":"https:\/\/medassigorta.com\/index.php\/wp-json\/wp\/v2\/comments?post=9"}],"version-history":[{"count":7,"href":"https:\/\/medassigorta.com\/index.php\/wp-json\/wp\/v2\/pages\/9\/revisions"}],"predecessor-version":[{"id":343,"href":"https:\/\/medassigorta.com\/index.php\/wp-json\/wp\/v2\/pages\/9\/revisions\/343"}],"wp:attachment":[{"href":"https:\/\/medassigorta.com\/index.php\/wp-json\/wp\/v2\/media?parent=9"}],"curies":[{"name":"wp","href":"https:\/\/api.w.org\/{rel}","templated":true}]}}