{"id":4,"date":"2023-04-11T02:40:31","date_gmt":"2023-04-10T23:40:31","guid":{"rendered":"https:\/\/medassigorta.com\/index.php\/mesmerize\/"},"modified":"2024-11-26T12:20:28","modified_gmt":"2024-11-26T09:20:28","slug":"mesmerize","status":"publish","type":"page","link":"https:\/\/medassigorta.com\/","title":{"rendered":"Front Page"},"content":{"rendered":"<div  id=\"overlappable-4\" style=\"background-color: #ffffff;\" data-label=\"Overlappable\" data-id=\"overlappable-4\" data-export-id=\"overlappable-4\" data-category=\"overlappable\" class=\"overlappable-4 content-section content-section-spacing\" data-overlap=\"true\"><div  class=\"gridContainer\"> <div  data-type=\"row\" class=\"row spaced-cols text-center\"><div  class=\"col-xs-12 col-sm-4 col-padding\"> <i  class=\"fa icon fa-clone large shadow-large-black round aligncenter reverse color1\"><\/i> <div  data-type=\"column\" class=\"\"> <h5  class=\"\">\u0130HT\u0130YACINIZA \u00d6ZEL<\/h5> <p  class=\"\">\u0130htiyac\u0131n\u0131z do\u011frultusunda belirlenen \u00e7al\u0131\u015fmalar\u0131n,uzman ki\u015filer taraf\u0131ndan y\u00f6netildi\u011fi bir hizmet d\u00fc\u015f\u00fcn\u00fcn.<\/p><\/div> <\/div> <div  class=\"col-xs-12 col-sm-4 col-padding\"> <i  class=\"fa icon fa-cogs large shadow-large-black round aligncenter reverse color1\"><\/i> <div  data-type=\"column\" class=\"\"><h5  class=\"\">HIZLI \u00c7\u00d6Z\u00dcMLER<\/h5> <p  class=\"\">Hasar an\u0131nda destek ve ula\u015f\u0131labilirlik anlam\u0131nda h\u0131zl\u0131 ve \u00e7\u00f6z\u00fcmsel geri d\u00f6n\u00fc\u015f alabilece\u011finiz bir alan sa\u011fl\u0131yoruz.<\/p><\/div> <\/div> <div  class=\"col-xs-12 col-sm-4 col-padding\"> <i  class=\"fa icon fa-magic large shadow-large-black round aligncenter reverse color1\"><\/i> <div  data-type=\"column\" class=\"\"><h5  class=\"\">MEDAS G\u00dcVENCES\u0130NDE<\/h5> <p  class=\"\">T\u00fcm s\u00fcrecin profesyonel anlamda sizin i\u00e7in en g\u00fcvenli ve do\u011fru \u015fekilde sa\u011fland\u0131\u011f\u0131 bir proses hayal edin.<\/p><\/div> <\/div><\/div> <\/div><\/div><div  data-label=\"About\" data-id=\"about--3\" data-export-id=\"about-10\" data-category=\"about\" class=\"about-10 content-section content-section-spacing\" id=\"about-4\" style=\"background-color: rgb(245, 250, 253);\"><div  class=\"gridContainer\"> <div  class=\"row middle-sm text-center\"><div  class=\"col-sm-5 space-bottom-xs content-column\" data-type=\"column\"> <h5  class=\"\"><\/h5> <h2  class=\"\"><span  href=\"#\">MEDAS ile <font  face=\"Playfair Display, sans-serif\"><i >\u00e7al\u0131\u015fman\u0131n avantajlar\u0131&nbsp;<\/i><\/font><\/span>nelerdir?<\/h2> <p  class=\"\"><b >MEDAS S\u0130GORTA ACENTEL\u0130\u011e\u0130;<\/b>&nbsp;Firman\u0131z\u0131n t\u00fcm operasyonel sistemlerini kapsayan, ticari beklentilerden uzak ve sekt\u00f6rdeki en iyi fiyat politikas\u0131 ile d\u00fczenlenen, m\u00fc\u015fteri hizmetini benimsemeyi esas alan bir yap\u0131dad\u0131r.<\/p> <\/div> <div  class=\"col-sm-7 flexbox middle-xs center-xs space-bottom-xs\"><div  class=\"overlay-box middle-xs center-xs flexbox\"> <div  class=\"overlay-box-offset offset-border shadow-medium border-color1 hide-xs\"><\/div> <a  data-cp-link=\"1\" href=\"#\"><img  decoding=\"async\" class=\"shadow-large\" data-size=\"485x705\" src=\"https:\/\/medassigorta.com\/wp-content\/uploads\/2023\/04\/cropped-WhatsApp-Gorsel-2023-04-08-saat-17.32.07.jpg\" title=\"cropped-WhatsApp-Gorsel-2023-04-08-saat-17.32.07.jpg\" alt=\"\"><\/a><\/div> <\/div><\/div> <\/div><\/div><div  id=\"features-3\" style=\"background-color: #ffffff;\" data-label=\"Features\" data-id=\"features-12-card-bordered\" data-export-id=\"features-12-card-bordered\" data-category=\"features\" class=\"features-12-card-bordered content-section content-section-spacing \"><div  class=\"gridContainer\"> <div  class=\"row text-center\"><div  class=\"section-title-col\" data-type=\"column\"> <h2  class=\"\">GELECE\u011e\u0130N\u0130Z\u0130 S\u0130GORTALIYORUZ!<\/h2> <p  class=\"lead\">Ticaret hayat\u0131nda gerek profesyonel y\u00f6netici olarak gerek t\u00fcccar olarak edindi\u011fimiz deneyimler, insanlar\u0131n hayatta hi\u00e7bir de\u011ferinin asla riske edilmemesi gerekti\u011fini \u00f6\u011fretmi\u015f oldu.<\/p><\/div> <\/div> <div  class=\"row spaced-cols\" data-type=\"row\"> <div  class=\"col-sm-6\"> <div  class=\"card row-card bordered y-move\"> <div  class=\"row\"> <div  class=\"col-sm-fit icon-column\"> <i  class=\"fa icon fa-connectdevelop round bordered color2\"><\/i> <\/div> <div  class=\"col-sm\" data-type=\"column\"> <h5  class=\"color2\">DE\u011eERLER\u0130N\u0130Z\u0130 KORUYORUZ<\/h5> <p  class=\"\">Sizler i\u00e7in yaln\u0131zca poli\u00e7e satan bir kurum olmak yerine her zaman sizler i\u00e7in avantajl\u0131 olan\u0131 \u00f6nerip, sizleri hayat\u0131n her alan\u0131nda korumay\u0131 ama\u00e7lad\u0131k.<\/p><\/div> <\/div><\/div> <\/div> <div  class=\"col-sm-6\"> <div  class=\"card row-card bordered y-move\"> <div  class=\"row\"> <div  class=\"col-sm-fit icon-column\"> <i  class=\"fa icon fa-codepen round bordered color2\"><\/i> <\/div> <div  class=\"col-sm\" data-type=\"column\"> <h5  class=\"color2\">MEMNUN\u0130YET KIRMIZI \u00c7\u0130ZG\u0130M\u0130Z<\/h5> <p  class=\"\">Alm\u0131\u015f oldu\u011funuz her hizmet alan\u0131nda sizlere en verimli deste\u011fi sa\u011flamak i\u00e7in sizlerle s\u00fcrekli ileti\u015fim halidenyiz ve fikirlerinizi her zaman \u00f6nemsiyoruz.<\/p><\/div> <\/div><\/div> <\/div> <div  class=\"col-sm-6\"> <div  class=\"card row-card bordered y-move\"> <div  class=\"row\"> <div  class=\"col-sm-fit icon-column\"> <i  class=\"fa icon fa-cube round bordered color2\"><\/i> <\/div> <div  class=\"col-sm\" data-type=\"column\"> <h5  class=\"color2\">\u00c7\u00d6Z\u00dcM ODAKLI \u00c7ALI\u015eIYORUZ<\/h5> <p  class=\"\">Sorunun kayna\u011f\u0131na inmeden ve sekt\u00f6r\u00fcn\u00fcze ya da iste\u011finize \u00f6zel bir \u00e7al\u0131\u015fma stratejisi planlamas\u0131 olmadan hi\u00e7bir \u015fekilde aksiyon alm\u0131yoruz.&nbsp;<\/p><\/div> <\/div><\/div> <\/div> <div  class=\"col-sm-6\"> <div  class=\"card row-card bordered y-move\"> <div  class=\"row\"> <div  class=\"col-sm-fit icon-column\"> <i  class=\"fa icon fa-database round bordered color2\"><\/i> <\/div> <div  class=\"col-sm\" data-type=\"column\"> <h5  class=\"color2\">AVANTAJLI F\u0130YATLAR SUNUYORUZ<\/h5> <p  class=\"\">Sekt\u00f6r\u00fcn \u00f6nc\u00fc firmas\u0131n\u0131 olmay\u0131, fiyat ve performans hizmetimize bor\u00e7luyuz. Sizler i\u00e7in en uygun \u015fekilde fiyatland\u0131rmalar ve kampanyalarla hizmetinizdeyiz.<\/p><\/div> <\/div><\/div> <\/div><\/div> <\/div><\/div><div  data-label=\"About\" data-id=\"about--1\" data-export-id=\"about-9\" data-category=\"about\" class=\"about-9 content-section content-section-spacing\" id=\"about-2\" style=\"background-color: rgb(255, 255, 255);\"><div  class=\"gridContainer\"> <div  class=\"row middle-sm text-center\"><div  class=\"col-sm-5 space-bottom-xs content-column content-right-sm\" data-type=\"column\"> <h5  class=\"\"><\/h5> <h2  class=\"\"><span  href=\"#\">MEDAS S\u0130GORTA ile<br ><font  face=\"Playfair Display, sans-serif\"><i >risksiz&nbsp;<\/i><\/font><\/span>bir hayat!<\/h2> <p  class=\"\"><span >Kurumsal risk y\u00f6netimine<\/span><b >&nbsp;<\/b>g\u00f6re; finansal risk, operasyonel risk, strateji riski ve tehlike riski olarak y\u00fcksek riskler bulunur. <b >MEDAS<\/b>&nbsp;ile t\u00fcm bu riskleri minimuma indirin!<\/p> <\/div> <div  class=\"col-sm-7 flexbox flexbox middle-xs center-xs space-bottom-xs\"><div  class=\"overlay-box flexbox middle-xs center-xs overlay-holder \"> <div  class=\"overlay-box-offset offset-background shadow-medium bg-color2 hide-xs\"><\/div> <img  decoding=\"async\" class=\"flexbox shadow-large img1\" src=\"https:\/\/medassigorta.com\/wp-content\/uploads\/2023\/04\/cropped-Lorem-Ipsum-is-simply-dummy-text-of-the-printing-and-typesetting-industry.-Lorem-Ipsum-has-been-the-industrys-standard-dummy-text-ever-since-the-1500s-1-1.png\" data-size=\"600x400\" title=\"Lorem Ipsum is simply dummy text of the printing and typesetting industry. Lorem Ipsum has been the industry's standard dummy text ever since the 1500s (1)\" alt=\"\"><\/div> <\/div><\/div> <\/div><\/div><div  id=\"cta-1\" data-label=\"Cta\" data-id=\"cta-blue-section\" data-export-id=\"cta-blue-section\" data-category=\"cta\" class=\"cta-blue-section content-section content-section-spacing-medium bg-color1 white-text\"><div  class=\"gridContainer\"> <div  class=\"row middle-xs\"><div  class=\"col-sm-8 space-bottom-xs\" data-type=\"column\"> <h2  class=\"\">Bizlere Ula\u015f\u0131n Teklifinizi Haz\u0131rlayal\u0131m!<\/h2> <\/div> <div  class=\"col-sm-4 end-sm\" data-type=\"column\"> <a class=\"button color2\" href=\"#\" target=\"_self\" data-cp-link=\"1\" rel=\"noopener\">0543 466 69 69<\/a><\/div> <\/div><\/div> <\/div><div  id=\"testimonials-5\" style=\"background-color: #ffffff;\" data-label=\"Testimonials\" data-id=\"testimonials-5\" data-export-id=\"testimonials-5\" data-category=\"testimonials\" class=\"testimonials-5 content-section content-section-spacing\"><div  class=\"gridContainer\"> <div  class=\"row\"><div  data-type=\"column\" class=\"section-title-col\"> <h2  class=\"\">S\u0130ZDEN GELENLER<\/h2> <p  class=\"lead\"><b >MEDAS S\u0130GORTA<\/b> olarak sizlerin memnuniyetinin bizler i\u00e7in \u00e7ok de\u011ferli oldu\u011funu hat\u0131rlatmak isteriz.<\/p><\/div> <\/div> <div  class=\"row spaced-cols content-center-sm\" data-type=\"row\"> <div  class=\"col-xs-12 col-sm-6 col-md-4\"> <div  class=\"card y-move bordered\" data-type=\"column\"> <i  class=\"fa fa-quote-right icon color1 small quotation-icon\"><\/i> <p  class=\"text-center\">Bir i\u015f arkada\u015f\u0131m\u0131n referans\u0131 ile kendilerine ula\u015ft\u0131\u011f\u0131m ve ger\u00e7ekten tan\u0131d\u0131\u011f\u0131m i\u00e7in \u00e7ok memnun oldu\u011fum \u015firket. T\u00fcm s\u00fcreci kontroll\u00fc bir \u015fekilde y\u00f6nettikleri i\u00e7in kendilerine te\u015fekk\u00fcrler.<\/p> <img  decoding=\"async\" src=\"https:\/\/medassigorta.com\/wp-content\/uploads\/2023\/04\/cropped-HD-wallpaper-fantasy-moon-profile-luna-black-man-blue-vector.jpg\" class=\"round icon\" title=\"cropped-HD-wallpaper-fantasy-moon-profile-luna-black-man-blue-vector.jpg\" alt=\"\"> <h6  class=\"\">MEHMET S\u0130RKEC\u0130<\/h6> <p  class=\"small italic\">10.01.2023<\/p><\/div> <\/div> <div  class=\"col-xs-12 col-sm-6 col-md-4\"> <div  class=\"card y-move bordered\" data-type=\"column\"> <i  class=\"fa fa-quote-right icon color1 small quotation-icon\"><\/i> <p  class=\"text-center\">Sat\u0131\u015f destek uzman\u0131ndan ilgili g\u00f6revli personeline kadar gayet nezih ve s\u0131cakkanl\u0131 olduklar\u0131ndan dolay\u0131 <b >MEDAS S\u0130GORTA<\/b> \u00e7al\u0131\u015fanlar\u0131na \u015fahs\u0131m ad\u0131na ger\u00e7ekten \u00e7ok te\u015fekk\u00fcr ederim.<\/p> <img  decoding=\"async\" src=\"https:\/\/medassigorta.com\/wp-content\/uploads\/2023\/04\/cropped-Lorem-Ipsum-is-simply-dummy-text-of-the-printing-and-typesetting-industry.-Lorem-Ipsum-has-been-the-industrys-standard-dummy-text-ever-since-the-1500s-3.png\" class=\"round icon\" title=\"cropped-Lorem-Ipsum-is-simply-dummy-text-of-the-printing-and-typesetting-industry.-Lorem-Ipsum-has-been-the-industrys-standard-dummy-text-ever-since-the-1500s-3.png\" alt=\"\"> <h6  class=\"\">MUAZZEZ GERG\u0130L<\/h6> <p  class=\"small italic\">15.03.2023<\/p><\/div> <\/div> <div  class=\"col-xs-12 col-sm-6 col-md-4\"> <div  class=\"card y-move bordered\" data-type=\"column\"> <i  class=\"fa fa-quote-right icon color1 small quotation-icon\"><\/i> <p  class=\"text-center\">Poli\u00e7elerini d\u00fcnya normlar\u0131na uygun olarak tasarlayan ve kalitesini ger\u00e7ekten hissettiren kurumsal bir firma olduklar\u0131 i\u00e7in kendilerini kutlar\u0131m. Say\u0131n <b >MEHMET DA\u015eTAN<\/b>\u2018a te\u015fekk\u00fcrler!<\/p> <img  decoding=\"async\" src=\"https:\/\/medassigorta.com\/wp-content\/uploads\/2023\/04\/cropped-Lorem-Ipsum-is-simply-dummy-text-of-the-printing-and-typesetting-industry.-Lorem-Ipsum-has-been-the-industrys-standard-dummy-text-ever-since-the-1500s-2.png\" class=\"round icon\" title=\"cropped-Lorem-Ipsum-is-simply-dummy-text-of-the-printing-and-typesetting-industry.-Lorem-Ipsum-has-been-the-industrys-standard-dummy-text-ever-since-the-1500s-2.png\" alt=\"\"> <h6  class=\"\">BERKAY BA\u015eARAN<\/h6> <p  class=\"small italic\">05.04.2023<\/p><\/div> <\/div><\/div> <\/div><\/div><div  data-label=\"Counters\" data-id=\"counters--1\" data-export-id=\"counters-1\" data-category=\"counters\" class=\"counters-1 content-section content-section-spacing\" id=\"counters-1\" style=\"background-color: rgb(245, 250, 253);\"><div  class=\"gridContainer\"> <div  class=\"row text-center\"><div  class=\"section-title-col\" data-type=\"column\"> <h2  class=\"\">2023 VER\u0130LER\u0130M\u0130Z<\/h2> <p  class=\"lead\">Taleplerinizin kar\u015f\u0131lanmas\u0131 ve \u00e7\u00f6z\u00fcmleme s\u00fcrecinde uzman kadromuzla en etkili bi\u00e7imde aksiyon ald\u0131k!<\/p><\/div> <\/div> <div  class=\"row spaced-cols\" data-type=\"row\" data-fixed=\"true\"> <div  class=\"col-xs-12 col-sm-4 space-bottom-small col-padding-xs\"> <div  class=\"circle-counter color1\"> <svg  class=\"circle-svg\" viewBox=\"0 0 100 100\"> <circle  r=\"48\" stroke-linecap=\"round\" cx=\"50\" cy=\"50\" fill=\"transparent\" stroke-dasharray=\"301.6\" stroke-dashoffset=\"301.6px\"><\/circle> <circle  class=\"circle-bar\" r=\"48\" stroke-linecap=\"round\" cx=\"50\" cy=\"50\" fill=\"transparent\" stroke-dasharray=\"301.6\" stroke-dashoffset=\"301.6px\" style=\"stroke-dashoffset: 24.1274px;\"><\/circle><\/svg> <div  class=\"circle-content\"><h2  class=\"font-100\" data-min=\"0\" data-max=\"100\" data-stop=\"92\" data-prefix=\"\" data-suffix=\"%\" data-countup=\"true\" data-duration=\"2000\"><\/h2> <p >Kar\u015f\u0131lama Oran\u0131<\/p><\/div> <\/div><\/div> <div  class=\"col-xs-12 col-sm-4 space-bottom-small col-padding-xs\"><div  class=\"circle-counter color2\"> <svg  class=\"circle-svg\" viewBox=\"0 0 100 100\"><circle  r=\"48\" stroke-linecap=\"round\" cx=\"50\" cy=\"50\" fill=\"transparent\" stroke-dasharray=\"301.6\" stroke-dashoffset=\"301.6px\"><\/circle> <circle  class=\"circle-bar\" r=\"48\" stroke-linecap=\"round\" cx=\"50\" cy=\"50\" fill=\"transparent\" stroke-dasharray=\"301.6\" stroke-dashoffset=\"301.6px\" style=\"stroke-dashoffset: 12.0637px;\"><\/circle><\/svg> <div  class=\"circle-content\"><h2  class=\"font-100\" data-min=\"0\" data-max=\"100\" data-stop=\"96\" data-prefix=\"\" data-suffix=\"%\" data-countup=\"true\" data-duration=\"2000\"><\/h2> <p >\u00c7\u00f6z\u00fcmleme Oran\u0131<\/p><\/div> <\/div><\/div> <div  class=\"col-xs-12 col-sm-4 space-bottom-small col-padding-xs\"><div  class=\"circle-counter color4\"> <svg  class=\"circle-svg\" viewBox=\"0 0 100 100\"><circle  r=\"48\" stroke-linecap=\"round\" cx=\"50\" cy=\"50\" fill=\"transparent\" stroke-dasharray=\"301.6\" stroke-dashoffset=\"301.6px\"><\/circle> <circle  class=\"circle-bar\" r=\"48\" stroke-linecap=\"round\" cx=\"50\" cy=\"50\" fill=\"transparent\" stroke-dasharray=\"301.6\" stroke-dashoffset=\"301.6px\" style=\"stroke-dashoffset: 0px;\"><\/circle><\/svg> <div  class=\"circle-content\"><h2  class=\"font-100\" data-min=\"0\" data-max=\"100\" data-stop=\"100\" data-prefix=\"\" data-suffix=\"%\" data-countup=\"true\" data-duration=\"2000\"><\/h2> <p >Memnuniyet Oran\u0131<\/p><\/div> <\/div><\/div> <\/div><\/div> <\/div>","protected":false},"excerpt":{"rendered":"<p>\u0130HT\u0130YACINIZA \u00d6ZEL \u0130htiyac\u0131n\u0131z do\u011frultusunda belirlenen \u00e7al\u0131\u015fmalar\u0131n,uzman ki\u015filer taraf\u0131ndan y\u00f6netildi\u011fi bir hizmet d\u00fc\u015f\u00fcn\u00fcn. HIZLI \u00c7\u00d6Z\u00dcMLER Hasar an\u0131nda destek ve ula\u015f\u0131labilirlik anlam\u0131nda h\u0131zl\u0131 ve \u00e7\u00f6z\u00fcmsel geri d\u00f6n\u00fc\u015f alabilece\u011finiz bir alan sa\u011fl\u0131yoruz. MEDAS G\u00dcVENCES\u0130NDE T\u00fcm s\u00fcrecin profesyonel anlamda sizin i\u00e7in en g\u00fcvenli ve do\u011fru \u015fekilde sa\u011fland\u0131\u011f\u0131 bir proses hayal edin. MEDAS ile \u00e7al\u0131\u015fman\u0131n avantajlar\u0131&nbsp;nelerdir? MEDAS S\u0130GORTA ACENTEL\u0130\u011e\u0130;&nbsp;Firman\u0131z\u0131n t\u00fcm&hellip; <br \/> <a class=\"read-more\" href=\"https:\/\/medassigorta.com\/\">Read more<\/a><\/p>\n","protected":false},"author":1,"featured_media":0,"parent":0,"menu_order":0,"comment_status":"closed","ping_status":"closed","template":"page-templates\/homepage.php","meta":{"om_disable_all_campaigns":false,"_monsterinsights_skip_tracking":false,"_monsterinsights_sitenote_active":false,"_monsterinsights_sitenote_note":"","_monsterinsights_sitenote_category":0,"_joinchat":[]},"aioseo_notices":[],"yoast_head":"<!-- This site is optimized with the Yoast SEO plugin v20.5 - https:\/\/yoast.com\/wordpress\/plugins\/seo\/ -->\n<title>Front Page - MEDAS S\u0130GORTA<\/title>\n<meta name=\"robots\" content=\"index, follow, max-snippet:-1, max-image-preview:large, max-video-preview:-1\" \/>\n<link rel=\"canonical\" href=\"https:\/\/medassigorta.com\/\" \/>\n<meta property=\"og:locale\" content=\"en_US\" \/>\n<meta property=\"og:type\" content=\"article\" \/>\n<meta property=\"og:title\" content=\"Front Page - MEDAS S\u0130GORTA\" \/>\n<meta property=\"og:description\" content=\"\u0130HT\u0130YACINIZA \u00d6ZEL \u0130htiyac\u0131n\u0131z do\u011frultusunda belirlenen \u00e7al\u0131\u015fmalar\u0131n,uzman ki\u015filer taraf\u0131ndan y\u00f6netildi\u011fi bir hizmet d\u00fc\u015f\u00fcn\u00fcn. HIZLI \u00c7\u00d6Z\u00dcMLER Hasar an\u0131nda destek ve ula\u015f\u0131labilirlik anlam\u0131nda h\u0131zl\u0131 ve \u00e7\u00f6z\u00fcmsel geri d\u00f6n\u00fc\u015f alabilece\u011finiz bir alan sa\u011fl\u0131yoruz. MEDAS G\u00dcVENCES\u0130NDE T\u00fcm s\u00fcrecin profesyonel anlamda sizin i\u00e7in en g\u00fcvenli ve do\u011fru \u015fekilde sa\u011fland\u0131\u011f\u0131 bir proses hayal edin. MEDAS ile \u00e7al\u0131\u015fman\u0131n avantajlar\u0131&nbsp;nelerdir? MEDAS S\u0130GORTA ACENTEL\u0130\u011e\u0130;&nbsp;Firman\u0131z\u0131n t\u00fcm&hellip; Read more\" \/>\n<meta property=\"og:url\" content=\"https:\/\/medassigorta.com\/\" \/>\n<meta property=\"og:site_name\" content=\"MEDAS S\u0130GORTA\" \/>\n<meta property=\"article:modified_time\" content=\"2024-11-26T09:20:28+00:00\" \/>\n<meta property=\"og:image\" content=\"https:\/\/medassigorta.com\/wp-content\/uploads\/2023\/04\/cropped-WhatsApp-Gorsel-2023-04-08-saat-17.32.07.jpg\" \/>\n<meta name=\"twitter:card\" content=\"summary_large_image\" \/>\n<meta name=\"twitter:label1\" content=\"Est. reading time\" \/>\n\t<meta name=\"twitter:data1\" content=\"2 minutes\" \/>\n<script type=\"application\/ld+json\" class=\"yoast-schema-graph\">{\"@context\":\"https:\/\/schema.org\",\"@graph\":[{\"@type\":\"WebPage\",\"@id\":\"https:\/\/medassigorta.com\/\",\"url\":\"https:\/\/medassigorta.com\/\",\"name\":\"Front Page - MEDAS S\u0130GORTA\",\"isPartOf\":{\"@id\":\"https:\/\/medassigorta.com\/#website\"},\"datePublished\":\"2023-04-10T23:40:31+00:00\",\"dateModified\":\"2024-11-26T09:20:28+00:00\",\"breadcrumb\":{\"@id\":\"https:\/\/medassigorta.com\/#breadcrumb\"},\"inLanguage\":\"en-US\",\"potentialAction\":[{\"@type\":\"ReadAction\",\"target\":[\"https:\/\/medassigorta.com\/\"]}]},{\"@type\":\"BreadcrumbList\",\"@id\":\"https:\/\/medassigorta.com\/#breadcrumb\",\"itemListElement\":[{\"@type\":\"ListItem\",\"position\":1,\"name\":\"Anasayfa\",\"item\":\"https:\/\/medassigorta.com\/\"},{\"@type\":\"ListItem\",\"position\":2,\"name\":\"Front Page\"}]},{\"@type\":\"WebSite\",\"@id\":\"https:\/\/medassigorta.com\/#website\",\"url\":\"https:\/\/medassigorta.com\/\",\"name\":\"MEDAS S\u0130GORTA\",\"description\":\"\",\"potentialAction\":[{\"@type\":\"SearchAction\",\"target\":{\"@type\":\"EntryPoint\",\"urlTemplate\":\"https:\/\/medassigorta.com\/?s={search_term_string}\"},\"query-input\":\"required name=search_term_string\"}],\"inLanguage\":\"en-US\"}]}<\/script>\n<!-- \/ Yoast SEO plugin. -->","yoast_head_json":{"title":"Front Page - MEDAS S\u0130GORTA","robots":{"index":"index","follow":"follow","max-snippet":"max-snippet:-1","max-image-preview":"max-image-preview:large","max-video-preview":"max-video-preview:-1"},"canonical":"https:\/\/medassigorta.com\/","og_locale":"en_US","og_type":"article","og_title":"Front Page - MEDAS S\u0130GORTA","og_description":"\u0130HT\u0130YACINIZA \u00d6ZEL \u0130htiyac\u0131n\u0131z do\u011frultusunda belirlenen \u00e7al\u0131\u015fmalar\u0131n,uzman ki\u015filer taraf\u0131ndan y\u00f6netildi\u011fi bir hizmet d\u00fc\u015f\u00fcn\u00fcn. HIZLI \u00c7\u00d6Z\u00dcMLER Hasar an\u0131nda destek ve ula\u015f\u0131labilirlik anlam\u0131nda h\u0131zl\u0131 ve \u00e7\u00f6z\u00fcmsel geri d\u00f6n\u00fc\u015f alabilece\u011finiz bir alan sa\u011fl\u0131yoruz. MEDAS G\u00dcVENCES\u0130NDE T\u00fcm s\u00fcrecin profesyonel anlamda sizin i\u00e7in en g\u00fcvenli ve do\u011fru \u015fekilde sa\u011fland\u0131\u011f\u0131 bir proses hayal edin. MEDAS ile \u00e7al\u0131\u015fman\u0131n avantajlar\u0131&nbsp;nelerdir? MEDAS S\u0130GORTA ACENTEL\u0130\u011e\u0130;&nbsp;Firman\u0131z\u0131n t\u00fcm&hellip; Read more","og_url":"https:\/\/medassigorta.com\/","og_site_name":"MEDAS S\u0130GORTA","article_modified_time":"2024-11-26T09:20:28+00:00","og_image":[{"url":"https:\/\/medassigorta.com\/wp-content\/uploads\/2023\/04\/cropped-WhatsApp-Gorsel-2023-04-08-saat-17.32.07.jpg"}],"twitter_card":"summary_large_image","twitter_misc":{"Est. reading time":"2 minutes"},"schema":{"@context":"https:\/\/schema.org","@graph":[{"@type":"WebPage","@id":"https:\/\/medassigorta.com\/","url":"https:\/\/medassigorta.com\/","name":"Front Page - MEDAS S\u0130GORTA","isPartOf":{"@id":"https:\/\/medassigorta.com\/#website"},"datePublished":"2023-04-10T23:40:31+00:00","dateModified":"2024-11-26T09:20:28+00:00","breadcrumb":{"@id":"https:\/\/medassigorta.com\/#breadcrumb"},"inLanguage":"en-US","potentialAction":[{"@type":"ReadAction","target":["https:\/\/medassigorta.com\/"]}]},{"@type":"BreadcrumbList","@id":"https:\/\/medassigorta.com\/#breadcrumb","itemListElement":[{"@type":"ListItem","position":1,"name":"Anasayfa","item":"https:\/\/medassigorta.com\/"},{"@type":"ListItem","position":2,"name":"Front Page"}]},{"@type":"WebSite","@id":"https:\/\/medassigorta.com\/#website","url":"https:\/\/medassigorta.com\/","name":"MEDAS S\u0130GORTA","description":"","potentialAction":[{"@type":"SearchAction","target":{"@type":"EntryPoint","urlTemplate":"https:\/\/medassigorta.com\/?s={search_term_string}"},"query-input":"required name=search_term_string"}],"inLanguage":"en-US"}]}},"_links":{"self":[{"href":"https:\/\/medassigorta.com\/index.php\/wp-json\/wp\/v2\/pages\/4"}],"collection":[{"href":"https:\/\/medassigorta.com\/index.php\/wp-json\/wp\/v2\/pages"}],"about":[{"href":"https:\/\/medassigorta.com\/index.php\/wp-json\/wp\/v2\/types\/page"}],"author":[{"embeddable":true,"href":"https:\/\/medassigorta.com\/index.php\/wp-json\/wp\/v2\/users\/1"}],"replies":[{"embeddable":true,"href":"https:\/\/medassigorta.com\/index.php\/wp-json\/wp\/v2\/comments?post=4"}],"version-history":[{"count":28,"href":"https:\/\/medassigorta.com\/index.php\/wp-json\/wp\/v2\/pages\/4\/revisions"}],"predecessor-version":[{"id":350,"href":"https:\/\/medassigorta.com\/index.php\/wp-json\/wp\/v2\/pages\/4\/revisions\/350"}],"wp:attachment":[{"href":"https:\/\/medassigorta.com\/index.php\/wp-json\/wp\/v2\/media?parent=4"}],"curies":[{"name":"wp","href":"https:\/\/api.w.org\/{rel}","templated":true}]}}