{"id":12,"date":"2023-04-11T03:00:27","date_gmt":"2023-04-11T00:00:27","guid":{"rendered":"https:\/\/medassigorta.com\/?page_id=12"},"modified":"2023-04-14T07:11:32","modified_gmt":"2023-04-14T04:11:32","slug":"sikca-sorulan-sorular","status":"publish","type":"page","link":"https:\/\/medassigorta.com\/index.php\/sikca-sorulan-sorular\/","title":{"rendered":"SIK\u00c7A SORULAN SORULAR"},"content":{"rendered":"\n<h2 class=\"wp-block-heading\">ARA\u00c7 PERT OLURSA NE YAPILMALI?<\/h2>\n\n\n\n<p>Bu t\u00fcr hasarlarda sigortal\u0131n\u0131n yapmas\u0131 gereken \u00f6nemli noktalar vard\u0131r. Sigortal\u0131 5 g\u00fcn i\u00e7inde sigorta \u015firketine hasar\u0131 bildirmeli ve eksper talep etmelidir. Bildirimi, kasko poli\u00e7esi, trafik kaza raporu, arac\u0131n hasarl\u0131 foto\u011fraflar\u0131, s\u00fcr\u00fcc\u00fcn\u00fcn ehliyet fotokopisi, ruhsat fotokopisi, alkol raporu ve prim \u00f6dendi\u011fine dair makbuzlar\u0131yla beraber yapmal\u0131d\u0131r.<\/p>\n\n\n\n<p>Eksper taraf\u0131ndan yap\u0131lan incelemede arac\u0131n par\u00e7a ve onar\u0131m masraflar\u0131n\u0131n toplam\u0131 arac\u0131n kaza tarihindeki sigorta rayi\u00e7 de\u011ferine ula\u015f\u0131yor ya da rayi\u00e7 de\u011ferini ge\u00e7iyorsa ara\u00e7 tam hasarl\u0131 olarak kabul edilir. Eksper ara\u00e7 incelemesinde \u00e7\u0131kard\u0131\u011f\u0131 raporu sigorta \u015firketine bildirir. Arac\u0131n pert olmas\u0131 konusunda sigortal\u0131 ve sigortac\u0131 kar\u015f\u0131l\u0131kl\u0131 anla\u015f\u0131rsa sigorta \u015firketi sigorta poli\u00e7esinde belirtilen kasko bedelini ge\u00e7memek kayd\u0131yla arac\u0131n o andaki piyasa de\u011feri sigortal\u0131ya \u00f6der.<\/p>\n\n\n\n<h2 class=\"wp-block-heading\">ANLA\u015eMALI SERV\u0130STEN NASIL YARARLANILIR?<\/h2>\n\n\n\n<p>Anla\u015fmal\u0131 servisten yararlanmak i\u00e7in yapman\u0131z gereken ilgili sigorta \u015firketini arayarak en yak\u0131n anla\u015fmal\u0131 servisin bilgilerini \u00f6\u011frenmek ve hasarl\u0131 arac\u0131n\u0131z\u0131 anla\u015fmal\u0131 servise g\u00f6t\u00fcrmektir.<\/p>\n\n\n\n<h2 class=\"wp-block-heading\">NASIL DAHA D\u00dc\u015e\u00dcK PR\u0130ML\u0130 KASKO ALINIR?<\/h2>\n\n\n\n<p>Kar\u015f\u0131la\u015ft\u0131rma yaparak kasko poli\u00e7esi sat\u0131n almak size \u00e7ok \u00f6nemli fiyat avantaj\u0131 sa\u011flar. Sigortambenim.com, paradan ve zamandan tasarruf etmenizi ve ihtiyac\u0131n\u0131za en uygun kasko sigortas\u0131na sahip olman\u0131z\u0131 sa\u011flar. \u0130nternet sitemizden \u00e7e\u015fitli sigorta \u015firketlerinin kasko sigortalar\u0131n\u0131 fiyat ile i\u00e7erik y\u00f6n\u00fcnden kar\u015f\u0131la\u015ft\u0131rarak en ucuz ve en do\u011fru sigortaya sahip olabilirsiniz. Ayr\u0131ca teminat se\u00e7imleriniz, sahip oldu\u011funuz indirimleri alman\u0131z ve muafiyetli poli\u00e7e se\u00e7meniz kasko priminizi \u00f6nemli \u00f6l\u00e7\u00fcde d\u00fc\u015f\u00fcr\u00fcr.<\/p>\n\n\n\n<h2 class=\"wp-block-heading\">TRAF\u0130K S\u0130GORTASI \u0130\u00c7\u0130N TEKL\u0130F ALMAYA GEREK VAR MI?<\/h2>\n\n\n\n<p>\u0130stedi\u011finiz hizmet kapsam\u0131na ve b\u00fct\u00e7enize uygun trafik sigorta poli\u00e7esi yapt\u0131rabilme imkan\u0131n\u0131z bulunmaktad\u0131r. Bu nedenle zorunlu trafik sigortan\u0131z\u0131 da yapt\u0131rmadan \u00f6nce de\u011fi\u015fik \u015firketlerden teklif almak, alternatifleri de\u011ferlendirmek ve size en uygun hizmeti verecek sigorta \u015firketini se\u00e7mek \u00f6nemlidir. <\/p>\n\n\n\n<h2 class=\"wp-block-heading\">KAZA OLDU\u011eUNDA TRAF\u0130K S\u0130GORTASI KAR\u015eILAR MI?<\/h2>\n\n\n\n<p>Kaza durumunda kar\u015f\u0131 tarafta olu\u015fan hasar\u0131 kar\u015f\u0131lama hizmeti trafik sigortas\u0131 kapsam\u0131nda oldu\u011fundan, trafik sigortan\u0131z arac\u0131n\u0131zda olan e\u011fer siz kaza unsurunda haks\u0131z iseniz hasarlar\u0131 kar\u015f\u0131lamaz. Trafik sigortan\u0131z bir kaza nedeniyle di\u011fer ara\u00e7, ki\u015fi ya da mallara verdi\u011finiz bedeni ve maddi zararlar\u0131 poli\u00e7ede yaz\u0131l\u0131 limitler ve genel \u015fartlar dahilinde kar\u015f\u0131lar.<\/p>\n\n\n\n<p>Daha fazla teknik detay i\u00e7in <a href=\"https:\/\/medassigorta.com\" title=\"\">MEDAS S\u0130GORTA<\/a> (https:\/\/www.medassigorta.com) ziyaret etmeyi unutmay\u0131n!<\/p>\n","protected":false},"excerpt":{"rendered":"<p>ARA\u00c7 PERT OLURSA NE YAPILMALI? Bu t\u00fcr hasarlarda sigortal\u0131n\u0131n yapmas\u0131 gereken \u00f6nemli noktalar vard\u0131r. Sigortal\u0131 5 g\u00fcn i\u00e7inde sigorta \u015firketine hasar\u0131 bildirmeli ve eksper talep etmelidir. Bildirimi, kasko poli\u00e7esi, trafik kaza raporu, arac\u0131n hasarl\u0131 foto\u011fraflar\u0131, s\u00fcr\u00fcc\u00fcn\u00fcn ehliyet fotokopisi, ruhsat fotokopisi, alkol raporu ve prim \u00f6dendi\u011fine dair makbuzlar\u0131yla beraber yapmal\u0131d\u0131r. Eksper taraf\u0131ndan yap\u0131lan incelemede arac\u0131n par\u00e7a&hellip; <br \/> <a class=\"read-more\" href=\"https:\/\/medassigorta.com\/index.php\/sikca-sorulan-sorular\/\">Read more<\/a><\/p>\n","protected":false},"author":1,"featured_media":0,"parent":0,"menu_order":0,"comment_status":"closed","ping_status":"closed","template":"","meta":{"om_disable_all_campaigns":false,"_monsterinsights_skip_tracking":false,"_monsterinsights_sitenote_active":false,"_monsterinsights_sitenote_note":"","_monsterinsights_sitenote_category":0,"_joinchat":[]},"aioseo_notices":[],"yoast_head":"<!-- This site is optimized with the Yoast SEO plugin v20.5 - https:\/\/yoast.com\/wordpress\/plugins\/seo\/ -->\n<title>SIK\u00c7A SORULAN SORULAR - MEDAS S\u0130GORTA<\/title>\n<meta name=\"robots\" content=\"index, follow, max-snippet:-1, max-image-preview:large, max-video-preview:-1\" \/>\n<link rel=\"canonical\" href=\"https:\/\/medassigorta.com\/index.php\/sikca-sorulan-sorular\/\" \/>\n<meta property=\"og:locale\" content=\"en_US\" \/>\n<meta property=\"og:type\" content=\"article\" \/>\n<meta property=\"og:title\" content=\"SIK\u00c7A SORULAN SORULAR - MEDAS S\u0130GORTA\" \/>\n<meta property=\"og:description\" content=\"ARA\u00c7 PERT OLURSA NE YAPILMALI? Bu t\u00fcr hasarlarda sigortal\u0131n\u0131n yapmas\u0131 gereken \u00f6nemli noktalar vard\u0131r. Sigortal\u0131 5 g\u00fcn i\u00e7inde sigorta \u015firketine hasar\u0131 bildirmeli ve eksper talep etmelidir. Bildirimi, kasko poli\u00e7esi, trafik kaza raporu, arac\u0131n hasarl\u0131 foto\u011fraflar\u0131, s\u00fcr\u00fcc\u00fcn\u00fcn ehliyet fotokopisi, ruhsat fotokopisi, alkol raporu ve prim \u00f6dendi\u011fine dair makbuzlar\u0131yla beraber yapmal\u0131d\u0131r. Eksper taraf\u0131ndan yap\u0131lan incelemede arac\u0131n par\u00e7a&hellip; Read more\" \/>\n<meta property=\"og:url\" content=\"https:\/\/medassigorta.com\/index.php\/sikca-sorulan-sorular\/\" \/>\n<meta property=\"og:site_name\" content=\"MEDAS S\u0130GORTA\" \/>\n<meta property=\"article:modified_time\" content=\"2023-04-14T04:11:32+00:00\" \/>\n<meta name=\"twitter:card\" content=\"summary_large_image\" \/>\n<meta name=\"twitter:label1\" content=\"Est. reading time\" \/>\n\t<meta name=\"twitter:data1\" content=\"2 minutes\" \/>\n<script type=\"application\/ld+json\" class=\"yoast-schema-graph\">{\"@context\":\"https:\/\/schema.org\",\"@graph\":[{\"@type\":\"WebPage\",\"@id\":\"https:\/\/medassigorta.com\/index.php\/sikca-sorulan-sorular\/\",\"url\":\"https:\/\/medassigorta.com\/index.php\/sikca-sorulan-sorular\/\",\"name\":\"SIK\u00c7A SORULAN SORULAR - MEDAS S\u0130GORTA\",\"isPartOf\":{\"@id\":\"https:\/\/medassigorta.com\/#website\"},\"datePublished\":\"2023-04-11T00:00:27+00:00\",\"dateModified\":\"2023-04-14T04:11:32+00:00\",\"breadcrumb\":{\"@id\":\"https:\/\/medassigorta.com\/index.php\/sikca-sorulan-sorular\/#breadcrumb\"},\"inLanguage\":\"en-US\",\"potentialAction\":[{\"@type\":\"ReadAction\",\"target\":[\"https:\/\/medassigorta.com\/index.php\/sikca-sorulan-sorular\/\"]}]},{\"@type\":\"BreadcrumbList\",\"@id\":\"https:\/\/medassigorta.com\/index.php\/sikca-sorulan-sorular\/#breadcrumb\",\"itemListElement\":[{\"@type\":\"ListItem\",\"position\":1,\"name\":\"Anasayfa\",\"item\":\"https:\/\/medassigorta.com\/\"},{\"@type\":\"ListItem\",\"position\":2,\"name\":\"SIK\u00c7A SORULAN SORULAR\"}]},{\"@type\":\"WebSite\",\"@id\":\"https:\/\/medassigorta.com\/#website\",\"url\":\"https:\/\/medassigorta.com\/\",\"name\":\"MEDAS S\u0130GORTA\",\"description\":\"\",\"potentialAction\":[{\"@type\":\"SearchAction\",\"target\":{\"@type\":\"EntryPoint\",\"urlTemplate\":\"https:\/\/medassigorta.com\/?s={search_term_string}\"},\"query-input\":\"required name=search_term_string\"}],\"inLanguage\":\"en-US\"}]}<\/script>\n<!-- \/ Yoast SEO plugin. -->","yoast_head_json":{"title":"SIK\u00c7A SORULAN SORULAR - MEDAS S\u0130GORTA","robots":{"index":"index","follow":"follow","max-snippet":"max-snippet:-1","max-image-preview":"max-image-preview:large","max-video-preview":"max-video-preview:-1"},"canonical":"https:\/\/medassigorta.com\/index.php\/sikca-sorulan-sorular\/","og_locale":"en_US","og_type":"article","og_title":"SIK\u00c7A SORULAN SORULAR - MEDAS S\u0130GORTA","og_description":"ARA\u00c7 PERT OLURSA NE YAPILMALI? Bu t\u00fcr hasarlarda sigortal\u0131n\u0131n yapmas\u0131 gereken \u00f6nemli noktalar vard\u0131r. Sigortal\u0131 5 g\u00fcn i\u00e7inde sigorta \u015firketine hasar\u0131 bildirmeli ve eksper talep etmelidir. Bildirimi, kasko poli\u00e7esi, trafik kaza raporu, arac\u0131n hasarl\u0131 foto\u011fraflar\u0131, s\u00fcr\u00fcc\u00fcn\u00fcn ehliyet fotokopisi, ruhsat fotokopisi, alkol raporu ve prim \u00f6dendi\u011fine dair makbuzlar\u0131yla beraber yapmal\u0131d\u0131r. Eksper taraf\u0131ndan yap\u0131lan incelemede arac\u0131n par\u00e7a&hellip; Read more","og_url":"https:\/\/medassigorta.com\/index.php\/sikca-sorulan-sorular\/","og_site_name":"MEDAS S\u0130GORTA","article_modified_time":"2023-04-14T04:11:32+00:00","twitter_card":"summary_large_image","twitter_misc":{"Est. reading time":"2 minutes"},"schema":{"@context":"https:\/\/schema.org","@graph":[{"@type":"WebPage","@id":"https:\/\/medassigorta.com\/index.php\/sikca-sorulan-sorular\/","url":"https:\/\/medassigorta.com\/index.php\/sikca-sorulan-sorular\/","name":"SIK\u00c7A SORULAN SORULAR - MEDAS S\u0130GORTA","isPartOf":{"@id":"https:\/\/medassigorta.com\/#website"},"datePublished":"2023-04-11T00:00:27+00:00","dateModified":"2023-04-14T04:11:32+00:00","breadcrumb":{"@id":"https:\/\/medassigorta.com\/index.php\/sikca-sorulan-sorular\/#breadcrumb"},"inLanguage":"en-US","potentialAction":[{"@type":"ReadAction","target":["https:\/\/medassigorta.com\/index.php\/sikca-sorulan-sorular\/"]}]},{"@type":"BreadcrumbList","@id":"https:\/\/medassigorta.com\/index.php\/sikca-sorulan-sorular\/#breadcrumb","itemListElement":[{"@type":"ListItem","position":1,"name":"Anasayfa","item":"https:\/\/medassigorta.com\/"},{"@type":"ListItem","position":2,"name":"SIK\u00c7A SORULAN SORULAR"}]},{"@type":"WebSite","@id":"https:\/\/medassigorta.com\/#website","url":"https:\/\/medassigorta.com\/","name":"MEDAS S\u0130GORTA","description":"","potentialAction":[{"@type":"SearchAction","target":{"@type":"EntryPoint","urlTemplate":"https:\/\/medassigorta.com\/?s={search_term_string}"},"query-input":"required name=search_term_string"}],"inLanguage":"en-US"}]}},"_links":{"self":[{"href":"https:\/\/medassigorta.com\/index.php\/wp-json\/wp\/v2\/pages\/12"}],"collection":[{"href":"https:\/\/medassigorta.com\/index.php\/wp-json\/wp\/v2\/pages"}],"about":[{"href":"https:\/\/medassigorta.com\/index.php\/wp-json\/wp\/v2\/types\/page"}],"author":[{"embeddable":true,"href":"https:\/\/medassigorta.com\/index.php\/wp-json\/wp\/v2\/users\/1"}],"replies":[{"embeddable":true,"href":"https:\/\/medassigorta.com\/index.php\/wp-json\/wp\/v2\/comments?post=12"}],"version-history":[{"count":4,"href":"https:\/\/medassigorta.com\/index.php\/wp-json\/wp\/v2\/pages\/12\/revisions"}],"predecessor-version":[{"id":258,"href":"https:\/\/medassigorta.com\/index.php\/wp-json\/wp\/v2\/pages\/12\/revisions\/258"}],"wp:attachment":[{"href":"https:\/\/medassigorta.com\/index.php\/wp-json\/wp\/v2\/media?parent=12"}],"curies":[{"name":"wp","href":"https:\/\/api.w.org\/{rel}","templated":true}]}}