{"id":10,"date":"2023-04-11T03:00:27","date_gmt":"2023-04-11T00:00:27","guid":{"rendered":"https:\/\/medassigorta.com\/?page_id=10"},"modified":"2023-04-15T01:37:42","modified_gmt":"2023-04-14T22:37:42","slug":"hizmetlerimiz","status":"publish","type":"page","link":"https:\/\/medassigorta.com\/index.php\/hizmetlerimiz\/","title":{"rendered":"H\u0130ZMETLER\u0130M\u0130Z"},"content":{"rendered":"\n<h2 class=\"wp-block-heading\">ARA\u00c7 S\u0130GORTALARI<\/h2>\n\n\n\n<div class=\"wp-block-group is-layout-constrained\"><div class=\"wp-block-group__inner-container\">\n<figure class=\"wp-block-image size-full is-resized\"><img decoding=\"async\" loading=\"lazy\" src=\"https:\/\/medassigorta.com\/wp-content\/uploads\/2023\/04\/5.jpg\" alt=\"\" class=\"wp-image-176\" width=\"1201\" height=\"666\" srcset=\"https:\/\/medassigorta.com\/wp-content\/uploads\/2023\/04\/5.jpg 812w, https:\/\/medassigorta.com\/wp-content\/uploads\/2023\/04\/5-300x166.jpg 300w, https:\/\/medassigorta.com\/wp-content\/uploads\/2023\/04\/5-768x426.jpg 768w\" sizes=\"(max-width: 1201px) 100vw, 1201px\" \/><\/figure>\n<\/div><\/div>\n\n\n\n<p>Gerek kendi arac\u0131n\u0131za y\u00f6nelik maddi kay\u0131plar\u0131n\u0131z\u0131, gerekse karayollar\u0131nda seyrederken \u00fc\u00e7\u00fcnc\u00fc \u015fah\u0131slara verebilece\u011finiz maddi ve bedeni&nbsp;zararlar\u0131n kar\u015f\u0131lanmas\u0131na y\u00f6nelik olu\u015fturulan poli\u00e7elerdir.<\/p>\n\n\n\n<h2 class=\"wp-block-heading\">SA\u011eLIK S\u0130GORTALARI<\/h2>\n\n\n\n<div class=\"wp-block-group is-layout-constrained\"><div class=\"wp-block-group__inner-container\">\n<div class=\"wp-block-group is-layout-constrained\"><div class=\"wp-block-group__inner-container\">\n<figure class=\"wp-block-gallery has-nested-images columns-default is-cropped wp-block-gallery-2 is-layout-flex\">\n<figure class=\"wp-block-image size-full\"><img decoding=\"async\" loading=\"lazy\" width=\"812\" height=\"450\" src=\"https:\/\/medassigorta.com\/wp-content\/uploads\/2023\/04\/7.jpg\" alt=\"\" class=\"wp-image-178\" srcset=\"https:\/\/medassigorta.com\/wp-content\/uploads\/2023\/04\/7.jpg 812w, https:\/\/medassigorta.com\/wp-content\/uploads\/2023\/04\/7-300x166.jpg 300w, https:\/\/medassigorta.com\/wp-content\/uploads\/2023\/04\/7-768x426.jpg 768w\" sizes=\"(max-width: 812px) 100vw, 812px\" \/><\/figure>\n<\/figure>\n<\/div><\/div>\n<\/div><\/div>\n\n\n\n<p>Ne \u015fansl\u0131y\u0131z ki art\u0131k hemen b\u00fct\u00fcn rahats\u0131zl\u0131klar\u0131n bir tedavisi var. Peki ya sizin bu tedaviyi kar\u015f\u0131layacak ekonomik g\u00fcc\u00fcn\u00fcz var m\u0131? Allianz ile T\u00fcrkiye\u2019nin en se\u00e7kin sa\u011fl\u0131k kurumlar\u0131nda tedavi olabilirsiniz. Hem de tedavi masraflar\u0131n\u0131 d\u00fc\u015f\u00fcnmeden.<\/p>\n\n\n\n<h2 class=\"wp-block-heading\">DEPREM (DASK) S\u0130GORTALARI<\/h2>\n\n\n\n<div class=\"wp-block-group is-layout-constrained\"><div class=\"wp-block-group__inner-container\">\n<figure class=\"wp-block-image size-large is-resized\"><img decoding=\"async\" loading=\"lazy\" src=\"https:\/\/medassigorta.com\/wp-content\/uploads\/2023\/04\/145-1024x518.jpg\" alt=\"\" class=\"wp-image-261\" width=\"1224\" height=\"618\" srcset=\"https:\/\/medassigorta.com\/wp-content\/uploads\/2023\/04\/145-1024x518.jpg 1024w, https:\/\/medassigorta.com\/wp-content\/uploads\/2023\/04\/145-300x152.jpg 300w, https:\/\/medassigorta.com\/wp-content\/uploads\/2023\/04\/145-768x388.jpg 768w, https:\/\/medassigorta.com\/wp-content\/uploads\/2023\/04\/145.jpg 1335w\" sizes=\"(max-width: 1224px) 100vw, 1224px\" \/><\/figure>\n<\/div><\/div>\n\n\n\n<p>Dask, zorunlu deprem sigortas\u0131 ile depremin ve deprem sonucu meydana gelen yang\u0131n, infilak, tsunami ve yer kaymas\u0131n\u0131n do\u011frudan neden olaca\u011f\u0131 maddi zararlar\u0131, poli\u00e7enizde belirtilmi\u015f limitler dahilinde nakit olarak kar\u015f\u0131lar.<\/p>\n\n\n\n<h2 class=\"wp-block-heading\">GAYR\u0130MENKUL S\u0130GORTALARI<\/h2>\n\n\n\n<div class=\"wp-block-group is-layout-constrained\"><div class=\"wp-block-group__inner-container\">\n<div class=\"wp-block-group is-layout-constrained\"><div class=\"wp-block-group__inner-container\">\n<figure class=\"wp-block-image size-full is-resized\"><img decoding=\"async\" loading=\"lazy\" src=\"https:\/\/medassigorta.com\/wp-content\/uploads\/2023\/04\/8.jpg\" alt=\"\" class=\"wp-image-179\" width=\"1258\" height=\"697\" srcset=\"https:\/\/medassigorta.com\/wp-content\/uploads\/2023\/04\/8.jpg 812w, https:\/\/medassigorta.com\/wp-content\/uploads\/2023\/04\/8-300x166.jpg 300w, https:\/\/medassigorta.com\/wp-content\/uploads\/2023\/04\/8-768x426.jpg 768w\" sizes=\"(max-width: 1258px) 100vw, 1258px\" \/><\/figure>\n<\/div><\/div>\n<\/div><\/div>\n\n\n\n<p>Konut, i\u015fyeri, fabrika,&nbsp;okul vb. gibi gayrimenkullerinizin bir \u00e7ok nedenden dolay\u0131 u\u011frayabilece\u011fi hasarlar\u0131 ve ayr\u0131ca talep edilmesi halinde, gayrimenkullerinizden kaynakl\u0131,&nbsp;kom\u015fulara&nbsp;gelebilecek zararlar\u0131 teminat alt\u0131na al\u0131r.<\/p>\n\n\n\n<h2 class=\"wp-block-heading\">NAKL\u0130YAT S\u0130GORTALARI<\/h2>\n\n\n\n<div class=\"wp-block-group is-layout-constrained\"><div class=\"wp-block-group__inner-container\">\n<figure class=\"wp-block-image size-full is-resized\"><img decoding=\"async\" loading=\"lazy\" src=\"https:\/\/medassigorta.com\/wp-content\/uploads\/2023\/04\/4.jpg\" alt=\"\" class=\"wp-image-175\" width=\"1261\" height=\"699\" srcset=\"https:\/\/medassigorta.com\/wp-content\/uploads\/2023\/04\/4.jpg 812w, https:\/\/medassigorta.com\/wp-content\/uploads\/2023\/04\/4-300x166.jpg 300w, https:\/\/medassigorta.com\/wp-content\/uploads\/2023\/04\/4-768x426.jpg 768w\" sizes=\"(max-width: 1261px) 100vw, 1261px\" \/><\/figure>\n<\/div><\/div>\n\n\n\n<p>Herhangi bir y\u00fck\u00fcn, onu ta\u015f\u0131maya uygun karayolu, havayolu, denizyolu ve demiryolu nakil vas\u0131talar\u0131yla bir yerden bir yere ta\u015f\u0131nmas\u0131 esnas\u0131nda u\u011frayabilece\u011fi hasar ve kay\u0131plar\u0131 poli\u00e7ede belirlenmi\u015f&nbsp;nakliyat sigortas\u0131&nbsp;genel \u015fartlar ve \u00f6zel \u015fartlar kapsam\u0131nda g\u00fcvence alt\u0131na alan&nbsp;sigorta&nbsp;t\u00fcr\u00fcd\u00fcr.<\/p>\n\n\n\n<h2 class=\"wp-block-heading\">SORUMLULUK S\u0130GORTALARI<\/h2>\n\n\n\n<div class=\"wp-block-group is-layout-constrained\"><div class=\"wp-block-group__inner-container\">\n<figure class=\"wp-block-image size-full is-resized\"><img decoding=\"async\" loading=\"lazy\" src=\"https:\/\/medassigorta.com\/wp-content\/uploads\/2023\/04\/sigorta-10-1.png\" alt=\"\" class=\"wp-image-173\" width=\"1260\" height=\"447\" srcset=\"https:\/\/medassigorta.com\/wp-content\/uploads\/2023\/04\/sigorta-10-1.png 845w, https:\/\/medassigorta.com\/wp-content\/uploads\/2023\/04\/sigorta-10-1-300x107.png 300w, https:\/\/medassigorta.com\/wp-content\/uploads\/2023\/04\/sigorta-10-1-768x273.png 768w\" sizes=\"(max-width: 1260px) 100vw, 1260px\" \/><\/figure>\n<\/div><\/div>\n\n\n\n<p>Ki\u015filerin ve\/veya kurumlar\u0131n kendileri ve g\u00f6zetiminde bulunan ki\u015filerin ihmallerinden ve kusurlar\u0131ndan kaynakl\u0131 olarak \u00e7al\u0131\u015fanlar\u0131na, 3.\u015fah\u0131slara, m\u00fc\u015fterilerine, \u00e7evreye, resmi kurumlara, kom\u015fular\u0131na verecekleri maddi ve bedeni zararlar\u0131 tazmin eden poli\u00e7elerdir.<\/p>\n\n\n\n<h2 class=\"wp-block-heading\">M\u00dcHEND\u0130SL\u0130K S\u0130GORTALARI<\/h2>\n\n\n\n<div class=\"wp-block-group is-layout-constrained\"><div class=\"wp-block-group__inner-container\">\n<figure class=\"wp-block-image size-full is-resized\"><img decoding=\"async\" loading=\"lazy\" src=\"https:\/\/medassigorta.com\/wp-content\/uploads\/2023\/04\/3.jpg\" alt=\"\" class=\"wp-image-174\" width=\"1231\" height=\"682\" srcset=\"https:\/\/medassigorta.com\/wp-content\/uploads\/2023\/04\/3.jpg 812w, https:\/\/medassigorta.com\/wp-content\/uploads\/2023\/04\/3-300x166.jpg 300w, https:\/\/medassigorta.com\/wp-content\/uploads\/2023\/04\/3-768x426.jpg 768w\" sizes=\"(max-width: 1231px) 100vw, 1231px\" \/><\/figure>\n<\/div><\/div>\n\n\n\n<p>\u00dclkedeki yat\u0131r\u0131mlar\u0131n devaml\u0131l\u0131\u011f\u0131n\u0131n sa\u011flanmas\u0131, ekonomiye yeni kaynaklar yarat\u0131lmas\u0131 gibi \u00e7ok \u00f6nemli fonksiyonlar\u0131 \u00fcstlenmektedir. Bu \u00e7er\u00e7evede m\u00fchendislik sigortalar\u0131 da, sigorta sekt\u00f6r\u00fcnde hayat d\u0131\u015f\u0131 bran\u015flar i\u00e7inde yer alan ve giderek \u00f6nemi artan sigorta bran\u015flar\u0131ndan biridir.<\/p>\n","protected":false},"excerpt":{"rendered":"<p>ARA\u00c7 S\u0130GORTALARI Gerek kendi arac\u0131n\u0131za y\u00f6nelik maddi kay\u0131plar\u0131n\u0131z\u0131, gerekse karayollar\u0131nda seyrederken \u00fc\u00e7\u00fcnc\u00fc \u015fah\u0131slara verebilece\u011finiz maddi ve bedeni&nbsp;zararlar\u0131n kar\u015f\u0131lanmas\u0131na y\u00f6nelik olu\u015fturulan poli\u00e7elerdir. SA\u011eLIK S\u0130GORTALARI Ne \u015fansl\u0131y\u0131z ki art\u0131k hemen b\u00fct\u00fcn rahats\u0131zl\u0131klar\u0131n bir tedavisi var. Peki ya sizin bu tedaviyi kar\u015f\u0131layacak ekonomik g\u00fcc\u00fcn\u00fcz var m\u0131? Allianz ile T\u00fcrkiye\u2019nin en se\u00e7kin sa\u011fl\u0131k kurumlar\u0131nda tedavi olabilirsiniz. Hem de tedavi&hellip; <br \/> <a class=\"read-more\" href=\"https:\/\/medassigorta.com\/index.php\/hizmetlerimiz\/\">Read more<\/a><\/p>\n","protected":false},"author":1,"featured_media":0,"parent":0,"menu_order":0,"comment_status":"closed","ping_status":"closed","template":"","meta":{"om_disable_all_campaigns":false,"_monsterinsights_skip_tracking":false,"_monsterinsights_sitenote_active":false,"_monsterinsights_sitenote_note":"","_monsterinsights_sitenote_category":0,"_joinchat":[]},"aioseo_notices":[],"yoast_head":"<!-- This site is optimized with the Yoast SEO plugin v20.5 - https:\/\/yoast.com\/wordpress\/plugins\/seo\/ -->\n<title>H\u0130ZMETLER\u0130M\u0130Z - MEDAS S\u0130GORTA<\/title>\n<meta name=\"robots\" content=\"index, follow, max-snippet:-1, max-image-preview:large, max-video-preview:-1\" \/>\n<link rel=\"canonical\" href=\"https:\/\/medassigorta.com\/index.php\/hizmetlerimiz\/\" \/>\n<meta property=\"og:locale\" content=\"en_US\" \/>\n<meta property=\"og:type\" content=\"article\" \/>\n<meta property=\"og:title\" content=\"H\u0130ZMETLER\u0130M\u0130Z - MEDAS S\u0130GORTA\" \/>\n<meta property=\"og:description\" content=\"ARA\u00c7 S\u0130GORTALARI Gerek kendi arac\u0131n\u0131za y\u00f6nelik maddi kay\u0131plar\u0131n\u0131z\u0131, gerekse karayollar\u0131nda seyrederken \u00fc\u00e7\u00fcnc\u00fc \u015fah\u0131slara verebilece\u011finiz maddi ve bedeni&nbsp;zararlar\u0131n kar\u015f\u0131lanmas\u0131na y\u00f6nelik olu\u015fturulan poli\u00e7elerdir. SA\u011eLIK S\u0130GORTALARI Ne \u015fansl\u0131y\u0131z ki art\u0131k hemen b\u00fct\u00fcn rahats\u0131zl\u0131klar\u0131n bir tedavisi var. Peki ya sizin bu tedaviyi kar\u015f\u0131layacak ekonomik g\u00fcc\u00fcn\u00fcz var m\u0131? Allianz ile T\u00fcrkiye\u2019nin en se\u00e7kin sa\u011fl\u0131k kurumlar\u0131nda tedavi olabilirsiniz. Hem de tedavi&hellip; Read more\" \/>\n<meta property=\"og:url\" content=\"https:\/\/medassigorta.com\/index.php\/hizmetlerimiz\/\" \/>\n<meta property=\"og:site_name\" content=\"MEDAS S\u0130GORTA\" \/>\n<meta property=\"article:modified_time\" content=\"2023-04-14T22:37:42+00:00\" \/>\n<meta property=\"og:image\" content=\"https:\/\/medassigorta.com\/wp-content\/uploads\/2023\/04\/5.jpg\" \/>\n<meta name=\"twitter:card\" content=\"summary_large_image\" \/>\n<meta name=\"twitter:label1\" content=\"Est. reading time\" \/>\n\t<meta name=\"twitter:data1\" content=\"3 minutes\" \/>\n<script type=\"application\/ld+json\" class=\"yoast-schema-graph\">{\"@context\":\"https:\/\/schema.org\",\"@graph\":[{\"@type\":\"WebPage\",\"@id\":\"https:\/\/medassigorta.com\/index.php\/hizmetlerimiz\/\",\"url\":\"https:\/\/medassigorta.com\/index.php\/hizmetlerimiz\/\",\"name\":\"H\u0130ZMETLER\u0130M\u0130Z - MEDAS S\u0130GORTA\",\"isPartOf\":{\"@id\":\"https:\/\/medassigorta.com\/#website\"},\"datePublished\":\"2023-04-11T00:00:27+00:00\",\"dateModified\":\"2023-04-14T22:37:42+00:00\",\"breadcrumb\":{\"@id\":\"https:\/\/medassigorta.com\/index.php\/hizmetlerimiz\/#breadcrumb\"},\"inLanguage\":\"en-US\",\"potentialAction\":[{\"@type\":\"ReadAction\",\"target\":[\"https:\/\/medassigorta.com\/index.php\/hizmetlerimiz\/\"]}]},{\"@type\":\"BreadcrumbList\",\"@id\":\"https:\/\/medassigorta.com\/index.php\/hizmetlerimiz\/#breadcrumb\",\"itemListElement\":[{\"@type\":\"ListItem\",\"position\":1,\"name\":\"Anasayfa\",\"item\":\"https:\/\/medassigorta.com\/\"},{\"@type\":\"ListItem\",\"position\":2,\"name\":\"H\u0130ZMETLER\u0130M\u0130Z\"}]},{\"@type\":\"WebSite\",\"@id\":\"https:\/\/medassigorta.com\/#website\",\"url\":\"https:\/\/medassigorta.com\/\",\"name\":\"MEDAS S\u0130GORTA\",\"description\":\"\",\"potentialAction\":[{\"@type\":\"SearchAction\",\"target\":{\"@type\":\"EntryPoint\",\"urlTemplate\":\"https:\/\/medassigorta.com\/?s={search_term_string}\"},\"query-input\":\"required name=search_term_string\"}],\"inLanguage\":\"en-US\"}]}<\/script>\n<!-- \/ Yoast SEO plugin. -->","yoast_head_json":{"title":"H\u0130ZMETLER\u0130M\u0130Z - MEDAS S\u0130GORTA","robots":{"index":"index","follow":"follow","max-snippet":"max-snippet:-1","max-image-preview":"max-image-preview:large","max-video-preview":"max-video-preview:-1"},"canonical":"https:\/\/medassigorta.com\/index.php\/hizmetlerimiz\/","og_locale":"en_US","og_type":"article","og_title":"H\u0130ZMETLER\u0130M\u0130Z - MEDAS S\u0130GORTA","og_description":"ARA\u00c7 S\u0130GORTALARI Gerek kendi arac\u0131n\u0131za y\u00f6nelik maddi kay\u0131plar\u0131n\u0131z\u0131, gerekse karayollar\u0131nda seyrederken \u00fc\u00e7\u00fcnc\u00fc \u015fah\u0131slara verebilece\u011finiz maddi ve bedeni&nbsp;zararlar\u0131n kar\u015f\u0131lanmas\u0131na y\u00f6nelik olu\u015fturulan poli\u00e7elerdir. SA\u011eLIK S\u0130GORTALARI Ne \u015fansl\u0131y\u0131z ki art\u0131k hemen b\u00fct\u00fcn rahats\u0131zl\u0131klar\u0131n bir tedavisi var. Peki ya sizin bu tedaviyi kar\u015f\u0131layacak ekonomik g\u00fcc\u00fcn\u00fcz var m\u0131? Allianz ile T\u00fcrkiye\u2019nin en se\u00e7kin sa\u011fl\u0131k kurumlar\u0131nda tedavi olabilirsiniz. Hem de tedavi&hellip; Read more","og_url":"https:\/\/medassigorta.com\/index.php\/hizmetlerimiz\/","og_site_name":"MEDAS S\u0130GORTA","article_modified_time":"2023-04-14T22:37:42+00:00","og_image":[{"url":"https:\/\/medassigorta.com\/wp-content\/uploads\/2023\/04\/5.jpg"}],"twitter_card":"summary_large_image","twitter_misc":{"Est. reading time":"3 minutes"},"schema":{"@context":"https:\/\/schema.org","@graph":[{"@type":"WebPage","@id":"https:\/\/medassigorta.com\/index.php\/hizmetlerimiz\/","url":"https:\/\/medassigorta.com\/index.php\/hizmetlerimiz\/","name":"H\u0130ZMETLER\u0130M\u0130Z - MEDAS S\u0130GORTA","isPartOf":{"@id":"https:\/\/medassigorta.com\/#website"},"datePublished":"2023-04-11T00:00:27+00:00","dateModified":"2023-04-14T22:37:42+00:00","breadcrumb":{"@id":"https:\/\/medassigorta.com\/index.php\/hizmetlerimiz\/#breadcrumb"},"inLanguage":"en-US","potentialAction":[{"@type":"ReadAction","target":["https:\/\/medassigorta.com\/index.php\/hizmetlerimiz\/"]}]},{"@type":"BreadcrumbList","@id":"https:\/\/medassigorta.com\/index.php\/hizmetlerimiz\/#breadcrumb","itemListElement":[{"@type":"ListItem","position":1,"name":"Anasayfa","item":"https:\/\/medassigorta.com\/"},{"@type":"ListItem","position":2,"name":"H\u0130ZMETLER\u0130M\u0130Z"}]},{"@type":"WebSite","@id":"https:\/\/medassigorta.com\/#website","url":"https:\/\/medassigorta.com\/","name":"MEDAS S\u0130GORTA","description":"","potentialAction":[{"@type":"SearchAction","target":{"@type":"EntryPoint","urlTemplate":"https:\/\/medassigorta.com\/?s={search_term_string}"},"query-input":"required name=search_term_string"}],"inLanguage":"en-US"}]}},"_links":{"self":[{"href":"https:\/\/medassigorta.com\/index.php\/wp-json\/wp\/v2\/pages\/10"}],"collection":[{"href":"https:\/\/medassigorta.com\/index.php\/wp-json\/wp\/v2\/pages"}],"about":[{"href":"https:\/\/medassigorta.com\/index.php\/wp-json\/wp\/v2\/types\/page"}],"author":[{"embeddable":true,"href":"https:\/\/medassigorta.com\/index.php\/wp-json\/wp\/v2\/users\/1"}],"replies":[{"embeddable":true,"href":"https:\/\/medassigorta.com\/index.php\/wp-json\/wp\/v2\/comments?post=10"}],"version-history":[{"count":7,"href":"https:\/\/medassigorta.com\/index.php\/wp-json\/wp\/v2\/pages\/10\/revisions"}],"predecessor-version":[{"id":263,"href":"https:\/\/medassigorta.com\/index.php\/wp-json\/wp\/v2\/pages\/10\/revisions\/263"}],"wp:attachment":[{"href":"https:\/\/medassigorta.com\/index.php\/wp-json\/wp\/v2\/media?parent=10"}],"curies":[{"name":"wp","href":"https:\/\/api.w.org\/{rel}","templated":true}]}}